{"id":146,"date":"2019-12-17T12:59:22","date_gmt":"2019-12-17T11:59:22","guid":{"rendered":"https:\/\/blog.gov.mg\/?page_id=146"},"modified":"2024-02-28T15:06:55","modified_gmt":"2024-02-28T14:06:55","slug":"transformation-services-publics","status":"publish","type":"page","link":"https:\/\/digital.gov.mg\/en\/transformation-services-publics\/","title":{"rendered":"Conception de services"},"content":{"rendered":"\n<figure class=\"wp-block-image size-large\"><img loading=\"lazy\" decoding=\"async\" width=\"1024\" height=\"381\" src=\"https:\/\/blog.gov.mg\/wp-content\/uploads\/2019\/12\/Capture-d\u2019e\u0301cran-2019-12-20-a\u0300-18.00.47-1024x381.png\" alt=\"\" class=\"wp-image-308\" srcset=\"https:\/\/digital.gov.mg\/wp-content\/uploads\/2019\/12\/Capture-d\u2019e\u0301cran-2019-12-20-a\u0300-18.00.47-1024x381.png 1024w, https:\/\/digital.gov.mg\/wp-content\/uploads\/2019\/12\/Capture-d\u2019e\u0301cran-2019-12-20-a\u0300-18.00.47-300x112.png 300w, https:\/\/digital.gov.mg\/wp-content\/uploads\/2019\/12\/Capture-d\u2019e\u0301cran-2019-12-20-a\u0300-18.00.47-768x286.png 768w, https:\/\/digital.gov.mg\/wp-content\/uploads\/2019\/12\/Capture-d\u2019e\u0301cran-2019-12-20-a\u0300-18.00.47-1536x572.png 1536w, https:\/\/digital.gov.mg\/wp-content\/uploads\/2019\/12\/Capture-d\u2019e\u0301cran-2019-12-20-a\u0300-18.00.47.png 1552w\" sizes=\"auto, (max-width: 1024px) 100vw, 1024px\" \/><figcaption>Soyons &#8220;agiles&#8221;<\/figcaption><\/figure>\n\n\n\n<p class=\"has-medium-font-size\"><strong>L&#8217;Unit\u00e9 de Gouvernance Digitale<\/strong> travaillera en \u00e9troite collaboration avec tous les <strong>Minist\u00e8res et institutions<\/strong> de la r\u00e9publique de Madagascar pour <strong>am\u00e9liorer la qualit\u00e9 et l\u2019acc\u00e8s aux services publics pour tous<\/strong>, notamment \u00e0 travers la <strong>digitalisation, mais aussi la simplification des proc\u00e9dures.<\/strong><\/p>\n\n\n\n<p class=\"has-medium-font-size\">Notre strat\u00e9gie adoptera une<strong> approche &#8220;agile&#8221;<\/strong>, <strong>bas\u00e9e sur les besoins <\/strong>des utilisateurs : les citoyens et les entreprises. <\/p>\n\n\n\n<p class=\"has-medium-font-size\">Retrouvez ici les quelques <strong>services prioritaires<\/strong> que nous souhaitons  <strong>simplifier et digitaliser<\/strong> rapidement selon les crit\u00e8res suivants :<\/p>\n\n\n\n<p class=\"has-medium-font-size\">1.&nbsp;<strong>Facilit\u00e9<\/strong>&nbsp;: d\u00e9marrer un service digital qui ne n\u00e9cessite pas de modification de la loi.<br>2.&nbsp;<strong>Voulu et d\u00e9sir\u00e9 par les citoyens<\/strong>&nbsp;: ce service pourrait-il \u00eatre si attrayant pour les citoyens qu\u2019il stimule la demande pour le mobile et l\u2019Internet ?<br>3.&nbsp;<strong>Impact, rapide<\/strong>&nbsp;: est-ce quelque chose qui pourrait avoir un impact important dans les prochains 6 \u00e0 12 mois?<br>4.&nbsp;<strong>Port\u00e9e<\/strong>&nbsp;: La digitalisation du service permettra-t-elle d\u2019atteindre un nombre important d\u2019utilisateurs ?<br>5.&nbsp;<strong>Sponsor<\/strong>&nbsp;: Y a-t-il un sponsor politique fort ? Quels minist\u00e8res sont-ils dispos\u00e9s \u00e0 nous aider et avancer ensemble ?<br>6.&nbsp;<strong>Inclusivit\u00e9<\/strong>&nbsp;: La digitalisation du service permettra-t-elle d\u2019am\u00e9liorer l\u2019acc\u00e8s en faveur des populations les plus vuln\u00e9rables ?<\/p>\n\n\n<p><!--EndFragment--><\/p>","protected":false},"excerpt":{"rendered":"<p>L&#8217;Unit\u00e9 de Gouvernance Digitale travaillera en \u00e9troite collaboration avec tous les Minist\u00e8res et institutions de la r\u00e9publique de Madagascar pour am\u00e9liorer la qualit\u00e9 et l\u2019acc\u00e8s aux services publics pour tous, notamment \u00e0 travers la digitalisation, mais aussi la simplification des proc\u00e9dures. Notre strat\u00e9gie adoptera une approche &#8220;agile&#8221;, bas\u00e9e sur les besoins des utilisateurs : les [&hellip;]<\/p>\n","protected":false},"author":1,"featured_media":0,"parent":0,"menu_order":0,"comment_status":"closed","ping_status":"closed","template":"","meta":{"_acf_changed":false,"footnotes":""},"class_list":["post-146","page","type-page","status-publish","hentry"],"acf":[],"yoast_head":"<!-- This site is optimized with the Yoast SEO plugin v27.6 - https:\/\/yoast.com\/product\/yoast-seo-wordpress\/ -->\n<title>Conception de services<\/title>\n<meta name=\"robots\" content=\"index, follow, max-snippet:-1, max-image-preview:large, max-video-preview:-1\" \/>\n<link rel=\"canonical\" href=\"https:\/\/digital.gov.mg\/en\/transformation-services-publics\/\" \/>\n<meta property=\"og:locale\" content=\"en_US\" \/>\n<meta property=\"og:locale:alternate\" content=\"Madagascar\" \/>\n<meta property=\"og:locale:alternate\" content=\"fr_FR\" \/>\n<meta property=\"og:type\" content=\"article\" \/>\n<meta property=\"og:title\" content=\"Conception de services\" \/>\n<meta property=\"og:description\" content=\"L&#8217;Unit\u00e9 de Gouvernance Digitale travaillera en \u00e9troite collaboration avec tous les Minist\u00e8res et institutions de la r\u00e9publique de Madagascar pour am\u00e9liorer la qualit\u00e9 et l\u2019acc\u00e8s aux services publics pour tous, notamment \u00e0 travers la digitalisation, mais aussi la simplification des proc\u00e9dures. Notre strat\u00e9gie adoptera une approche &#8220;agile&#8221;, bas\u00e9e sur les besoins des utilisateurs : les [&hellip;]\" \/>\n<meta property=\"og:url\" content=\"https:\/\/digital.gov.mg\/en\/transformation-services-publics\/\" \/>\n<meta property=\"og:site_name\" content=\"Unit\u00e9 de Gouvernance Digitale\" \/>\n<meta property=\"article:modified_time\" content=\"2024-02-28T14:06:55+00:00\" \/>\n<meta name=\"twitter:card\" content=\"summary_large_image\" \/>\n<meta name=\"twitter:label1\" content=\"Est. reading time\" \/>\n\t<meta name=\"twitter:data1\" content=\"2 minutes\" \/>\n<script type=\"application\/ld+json\" class=\"yoast-schema-graph\">{\"@context\":\"https:\\\/\\\/schema.org\",\"@graph\":[{\"@type\":\"WebPage\",\"@id\":\"https:\\\/\\\/digital.gov.mg\\\/transformation-services-publics\\\/\",\"url\":\"https:\\\/\\\/digital.gov.mg\\\/transformation-services-publics\\\/\",\"name\":\"Conception de services\",\"isPartOf\":{\"@id\":\"https:\\\/\\\/digital.gov.mg\\\/#website\"},\"datePublished\":\"2019-12-17T11:59:22+00:00\",\"dateModified\":\"2024-02-28T14:06:55+00:00\",\"breadcrumb\":{\"@id\":\"https:\\\/\\\/digital.gov.mg\\\/transformation-services-publics\\\/#breadcrumb\"},\"inLanguage\":\"en-US\",\"potentialAction\":[{\"@type\":\"ReadAction\",\"target\":[\"https:\\\/\\\/digital.gov.mg\\\/transformation-services-publics\\\/\"]}]},{\"@type\":\"BreadcrumbList\",\"@id\":\"https:\\\/\\\/digital.gov.mg\\\/transformation-services-publics\\\/#breadcrumb\",\"itemListElement\":[{\"@type\":\"ListItem\",\"position\":1,\"name\":\"Accueil\",\"item\":\"https:\\\/\\\/digital.gov.mg\\\/\"},{\"@type\":\"ListItem\",\"position\":2,\"name\":\"Conception de services\"}]},{\"@type\":\"WebSite\",\"@id\":\"https:\\\/\\\/digital.gov.mg\\\/#website\",\"url\":\"https:\\\/\\\/digital.gov.mg\\\/\",\"name\":\"Unit\u00e9 de Gouvernance Digitale\",\"description\":\"Solutions centr\u00e9es sur les besoins essentiels de la population\",\"potentialAction\":[{\"@type\":\"SearchAction\",\"target\":{\"@type\":\"EntryPoint\",\"urlTemplate\":\"https:\\\/\\\/digital.gov.mg\\\/?s={search_term_string}\"},\"query-input\":{\"@type\":\"PropertyValueSpecification\",\"valueRequired\":true,\"valueName\":\"search_term_string\"}}],\"inLanguage\":\"en-US\"}]}<\/script>\n<!-- \/ Yoast SEO plugin. -->","yoast_head_json":{"title":"Conception de services","robots":{"index":"index","follow":"follow","max-snippet":"max-snippet:-1","max-image-preview":"max-image-preview:large","max-video-preview":"max-video-preview:-1"},"canonical":"https:\/\/digital.gov.mg\/en\/transformation-services-publics\/","og_locale":"en_US","og_type":"article","og_title":"[:fr]Conception de services[:] - Unit\u00e9 de Gouvernance Digitale","og_description":"L&#8217;Unit\u00e9 de Gouvernance Digitale travaillera en \u00e9troite collaboration avec tous les Minist\u00e8res et institutions de la r\u00e9publique de Madagascar pour am\u00e9liorer la qualit\u00e9 et l\u2019acc\u00e8s aux services publics pour tous, notamment \u00e0 travers la digitalisation, mais aussi la simplification des proc\u00e9dures. Notre strat\u00e9gie adoptera une approche &#8220;agile&#8221;, bas\u00e9e sur les besoins des utilisateurs : les [&hellip;]","og_url":"https:\/\/digital.gov.mg\/en\/transformation-services-publics\/","og_site_name":"Unit\u00e9 de Gouvernance Digitale","article_modified_time":"2024-02-28T14:06:55+00:00","twitter_card":"summary_large_image","twitter_misc":{"Est. reading time":"2 minutes"},"schema":{"@context":"https:\/\/schema.org","@graph":[{"@type":"WebPage","@id":"https:\/\/digital.gov.mg\/transformation-services-publics\/","url":"https:\/\/digital.gov.mg\/transformation-services-publics\/","name":"Conception de services","isPartOf":{"@id":"https:\/\/digital.gov.mg\/#website"},"datePublished":"2019-12-17T11:59:22+00:00","dateModified":"2024-02-28T14:06:55+00:00","breadcrumb":{"@id":"https:\/\/digital.gov.mg\/transformation-services-publics\/#breadcrumb"},"inLanguage":"en-US","potentialAction":[{"@type":"ReadAction","target":["https:\/\/digital.gov.mg\/transformation-services-publics\/"]}]},{"@type":"BreadcrumbList","@id":"https:\/\/digital.gov.mg\/transformation-services-publics\/#breadcrumb","itemListElement":[{"@type":"ListItem","position":1,"name":"Accueil","item":"https:\/\/digital.gov.mg\/"},{"@type":"ListItem","position":2,"name":"Conception de services"}]},{"@type":"WebSite","@id":"https:\/\/digital.gov.mg\/#website","url":"https:\/\/digital.gov.mg\/","name":"Unit\u00e9 de Gouvernance Digitale","description":"Solutions centr\u00e9es sur les besoins essentiels de la population","potentialAction":[{"@type":"SearchAction","target":{"@type":"EntryPoint","urlTemplate":"https:\/\/digital.gov.mg\/?s={search_term_string}"},"query-input":{"@type":"PropertyValueSpecification","valueRequired":true,"valueName":"search_term_string"}}],"inLanguage":"en-US"}]}},"_links":{"self":[{"href":"https:\/\/digital.gov.mg\/en\/wp-json\/wp\/v2\/pages\/146","targetHints":{"allow":["GET"]}}],"collection":[{"href":"https:\/\/digital.gov.mg\/en\/wp-json\/wp\/v2\/pages"}],"about":[{"href":"https:\/\/digital.gov.mg\/en\/wp-json\/wp\/v2\/types\/page"}],"author":[{"embeddable":true,"href":"https:\/\/digital.gov.mg\/en\/wp-json\/wp\/v2\/users\/1"}],"replies":[{"embeddable":true,"href":"https:\/\/digital.gov.mg\/en\/wp-json\/wp\/v2\/comments?post=146"}],"version-history":[{"count":13,"href":"https:\/\/digital.gov.mg\/en\/wp-json\/wp\/v2\/pages\/146\/revisions"}],"predecessor-version":[{"id":4880,"href":"https:\/\/digital.gov.mg\/en\/wp-json\/wp\/v2\/pages\/146\/revisions\/4880"}],"wp:attachment":[{"href":"https:\/\/digital.gov.mg\/en\/wp-json\/wp\/v2\/media?parent=146"}],"curies":[{"name":"wp","href":"https:\/\/api.w.org\/{rel}","templated":true}]}}