{"id":208,"date":"2019-12-18T08:04:56","date_gmt":"2019-12-18T07:04:56","guid":{"rendered":"https:\/\/blog.gov.mg\/?page_id=208"},"modified":"2019-12-18T16:11:40","modified_gmt":"2019-12-18T15:11:40","slug":"contactez-nous","status":"publish","type":"page","link":"https:\/\/digital.gov.mg\/en\/contactez-nous\/","title":{"rendered":"Contactez-nous"},"content":{"rendered":"\n<p>Laissez nous un message et vos coordonn\u00e9es pour \u00e9changer ensemble<\/p>\n","protected":false},"excerpt":{"rendered":"<p>Laissez nous un message et vos coordonn\u00e9es pour \u00e9changer ensemble<\/p>\n","protected":false},"author":1,"featured_media":0,"parent":0,"menu_order":0,"comment_status":"closed","ping_status":"closed","template":"contact.php","meta":{"_acf_changed":false,"footnotes":""},"class_list":["post-208","page","type-page","status-publish","hentry"],"acf":[],"yoast_head":"<!-- This site is optimized with the Yoast SEO plugin v27.5 - https:\/\/yoast.com\/product\/yoast-seo-wordpress\/ -->\n<title>Contactez-nous - Unit\u00e9 de Gouvernance Digitale<\/title>\n<meta name=\"robots\" content=\"index, follow, max-snippet:-1, max-image-preview:large, max-video-preview:-1\" \/>\n<link rel=\"canonical\" href=\"https:\/\/digital.gov.mg\/en\/contactez-nous\/\" \/>\n<meta property=\"og:locale\" content=\"en_US\" \/>\n<meta property=\"og:locale:alternate\" content=\"Madagascar\" \/>\n<meta property=\"og:locale:alternate\" content=\"fr_FR\" \/>\n<meta property=\"og:type\" content=\"article\" \/>\n<meta property=\"og:title\" content=\"Contactez-nous - Unit\u00e9 de Gouvernance Digitale\" \/>\n<meta property=\"og:description\" content=\"Laissez nous un message et vos coordonn\u00e9es pour \u00e9changer ensemble\" \/>\n<meta property=\"og:url\" content=\"https:\/\/digital.gov.mg\/en\/contactez-nous\/\" \/>\n<meta property=\"og:site_name\" content=\"Unit\u00e9 de Gouvernance Digitale\" \/>\n<meta property=\"article:modified_time\" content=\"2019-12-18T15:11:40+00:00\" \/>\n<meta name=\"twitter:card\" content=\"summary_large_image\" \/>\n<script type=\"application\/ld+json\" class=\"yoast-schema-graph\">{\"@context\":\"https:\\\/\\\/schema.org\",\"@graph\":[{\"@type\":\"WebPage\",\"@id\":\"https:\\\/\\\/digital.gov.mg\\\/contactez-nous\\\/\",\"url\":\"https:\\\/\\\/digital.gov.mg\\\/contactez-nous\\\/\",\"name\":\"Contactez-nous - Unit\u00e9 de Gouvernance Digitale\",\"isPartOf\":{\"@id\":\"https:\\\/\\\/digital.gov.mg\\\/#website\"},\"datePublished\":\"2019-12-18T07:04:56+00:00\",\"dateModified\":\"2019-12-18T15:11:40+00:00\",\"breadcrumb\":{\"@id\":\"https:\\\/\\\/digital.gov.mg\\\/contactez-nous\\\/#breadcrumb\"},\"inLanguage\":\"en-US\",\"potentialAction\":[{\"@type\":\"ReadAction\",\"target\":[\"https:\\\/\\\/digital.gov.mg\\\/contactez-nous\\\/\"]}]},{\"@type\":\"BreadcrumbList\",\"@id\":\"https:\\\/\\\/digital.gov.mg\\\/contactez-nous\\\/#breadcrumb\",\"itemListElement\":[{\"@type\":\"ListItem\",\"position\":1,\"name\":\"Accueil\",\"item\":\"https:\\\/\\\/digital.gov.mg\\\/\"},{\"@type\":\"ListItem\",\"position\":2,\"name\":\"Contactez-nous\"}]},{\"@type\":\"WebSite\",\"@id\":\"https:\\\/\\\/digital.gov.mg\\\/#website\",\"url\":\"https:\\\/\\\/digital.gov.mg\\\/\",\"name\":\"Unit\u00e9 de Gouvernance Digitale\",\"description\":\"Solutions centr\u00e9es sur les besoins essentiels de la population\",\"potentialAction\":[{\"@type\":\"SearchAction\",\"target\":{\"@type\":\"EntryPoint\",\"urlTemplate\":\"https:\\\/\\\/digital.gov.mg\\\/?s={search_term_string}\"},\"query-input\":{\"@type\":\"PropertyValueSpecification\",\"valueRequired\":true,\"valueName\":\"search_term_string\"}}],\"inLanguage\":\"en-US\"}]}<\/script>\n<!-- \/ Yoast SEO plugin. -->","yoast_head_json":{"title":"Contactez-nous - Unit\u00e9 de Gouvernance Digitale","robots":{"index":"index","follow":"follow","max-snippet":"max-snippet:-1","max-image-preview":"max-image-preview:large","max-video-preview":"max-video-preview:-1"},"canonical":"https:\/\/digital.gov.mg\/en\/contactez-nous\/","og_locale":"en_US","og_type":"article","og_title":"Contactez-nous - Unit\u00e9 de Gouvernance Digitale","og_description":"Laissez nous un message et vos coordonn\u00e9es pour \u00e9changer ensemble","og_url":"https:\/\/digital.gov.mg\/en\/contactez-nous\/","og_site_name":"Unit\u00e9 de Gouvernance Digitale","article_modified_time":"2019-12-18T15:11:40+00:00","twitter_card":"summary_large_image","schema":{"@context":"https:\/\/schema.org","@graph":[{"@type":"WebPage","@id":"https:\/\/digital.gov.mg\/contactez-nous\/","url":"https:\/\/digital.gov.mg\/contactez-nous\/","name":"Contactez-nous - Unit\u00e9 de Gouvernance Digitale","isPartOf":{"@id":"https:\/\/digital.gov.mg\/#website"},"datePublished":"2019-12-18T07:04:56+00:00","dateModified":"2019-12-18T15:11:40+00:00","breadcrumb":{"@id":"https:\/\/digital.gov.mg\/contactez-nous\/#breadcrumb"},"inLanguage":"en-US","potentialAction":[{"@type":"ReadAction","target":["https:\/\/digital.gov.mg\/contactez-nous\/"]}]},{"@type":"BreadcrumbList","@id":"https:\/\/digital.gov.mg\/contactez-nous\/#breadcrumb","itemListElement":[{"@type":"ListItem","position":1,"name":"Accueil","item":"https:\/\/digital.gov.mg\/"},{"@type":"ListItem","position":2,"name":"Contactez-nous"}]},{"@type":"WebSite","@id":"https:\/\/digital.gov.mg\/#website","url":"https:\/\/digital.gov.mg\/","name":"Unit\u00e9 de Gouvernance Digitale","description":"Solutions centr\u00e9es sur les besoins essentiels de la population","potentialAction":[{"@type":"SearchAction","target":{"@type":"EntryPoint","urlTemplate":"https:\/\/digital.gov.mg\/?s={search_term_string}"},"query-input":{"@type":"PropertyValueSpecification","valueRequired":true,"valueName":"search_term_string"}}],"inLanguage":"en-US"}]}},"_links":{"self":[{"href":"https:\/\/digital.gov.mg\/en\/wp-json\/wp\/v2\/pages\/208","targetHints":{"allow":["GET"]}}],"collection":[{"href":"https:\/\/digital.gov.mg\/en\/wp-json\/wp\/v2\/pages"}],"about":[{"href":"https:\/\/digital.gov.mg\/en\/wp-json\/wp\/v2\/types\/page"}],"author":[{"embeddable":true,"href":"https:\/\/digital.gov.mg\/en\/wp-json\/wp\/v2\/users\/1"}],"replies":[{"embeddable":true,"href":"https:\/\/digital.gov.mg\/en\/wp-json\/wp\/v2\/comments?post=208"}],"version-history":[{"count":4,"href":"https:\/\/digital.gov.mg\/en\/wp-json\/wp\/v2\/pages\/208\/revisions"}],"predecessor-version":[{"id":5678,"href":"https:\/\/digital.gov.mg\/en\/wp-json\/wp\/v2\/pages\/208\/revisions\/5678"}],"wp:attachment":[{"href":"https:\/\/digital.gov.mg\/en\/wp-json\/wp\/v2\/media?parent=208"}],"curies":[{"name":"wp","href":"https:\/\/api.w.org\/{rel}","templated":true}]}}