{"id":144,"date":"2019-12-17T12:58:04","date_gmt":"2019-12-17T11:58:04","guid":{"rendered":"https:\/\/blog.gov.mg\/?page_id=144"},"modified":"2021-05-05T14:28:34","modified_gmt":"2021-05-05T12:28:34","slug":"a-propos","status":"publish","type":"page","link":"https:\/\/digital.gov.mg\/mg\/a-propos\/","title":{"rendered":"A propos"},"content":{"rendered":"<div class=\"row\">\n<div class=\"col-lg-6\"><img loading=\"lazy\" decoding=\"async\" class=\"img-responsive wp-image-1537 size-full\" src=\"https:\/\/digital.gov.mg\/wp-content\/uploads\/2021\/05\/prodigy-illustration.jpg\" alt=\"Unit\u00e9 de Gouvernance Digitale\" width=\"800\" height=\"683\" srcset=\"https:\/\/digital.gov.mg\/wp-content\/uploads\/2021\/05\/prodigy-illustration.jpg 800w, https:\/\/digital.gov.mg\/wp-content\/uploads\/2021\/05\/prodigy-illustration-300x256.jpg 300w, https:\/\/digital.gov.mg\/wp-content\/uploads\/2021\/05\/prodigy-illustration-768x656.jpg 768w\" sizes=\"auto, (max-width: 800px) 100vw, 800px\" \/><\/div>\n<div class=\"col-lg-6\">\n<p class=\"has-medium-font-size\">Nous avons comme<strong> mission principale d&rsquo;apporter de nouvelles<br \/>\nfa\u00e7ons de travailler, de penser (ou de repenser) et de d\u00e9livrer les services<br \/>\npour le public.<\/strong><\/p>\n<p class=\"has-medium-font-size\">Nous mettrons en place de mani\u00e8re it\u00e9rative, des <strong>solutions centr\u00e9es sur les besoins essentiels de la population<\/strong>.<\/p>\n<p class=\"has-medium-font-size\">Au fond, ce n\u2019est ni plus ni moins que de cr\u00e9er<strong> une start-up au sein m\u00eame du gouvernement. <\/strong><\/p>\n<p class=\"has-medium-font-size\">Nos principales <strong>priorit\u00e9s<\/strong> seront, dans un premier temps, <strong>de rendre accessible et centralis\u00e9es les informations dont les citoyens ont besoin.<\/strong><\/p>\n<p class=\"has-medium-font-size\">Ensuite, nous nous concentrerons sur certains <strong>services prioritaires dans des domaines tels que la sant\u00e9, l&rsquo;\u00e9ducation, la s\u00e9curit\u00e9 publique<\/strong>.<\/p>\n<\/div>\n<\/div>\n","protected":false},"excerpt":{"rendered":"<p>Nous avons comme mission principale d&rsquo;apporter de nouvelles fa\u00e7ons de travailler, de penser (ou de repenser) et de d\u00e9livrer les services pour le public. Nous mettrons en place de mani\u00e8re it\u00e9rative, des solutions centr\u00e9es sur les besoins essentiels de la population. Au fond, ce n\u2019est ni plus ni moins que de cr\u00e9er une start-up au [&hellip;]<\/p>\n","protected":false},"author":1,"featured_media":0,"parent":0,"menu_order":0,"comment_status":"closed","ping_status":"closed","template":"","meta":{"_acf_changed":false,"footnotes":""},"class_list":["post-144","page","type-page","status-publish","hentry"],"acf":[],"yoast_head":"<!-- This site is optimized with the Yoast SEO plugin v27.3 - https:\/\/yoast.com\/product\/yoast-seo-wordpress\/ -->\n<title>A propos<\/title>\n<meta name=\"robots\" content=\"index, follow, max-snippet:-1, max-image-preview:large, max-video-preview:-1\" \/>\n<link rel=\"canonical\" href=\"https:\/\/digital.gov.mg\/mg\/a-propos\/\" \/>\n<meta property=\"og:locale\" content=\"fr_FR\" \/>\n<meta property=\"og:locale:alternate\" content=\"en_US\" \/>\n<meta property=\"og:locale:alternate\" content=\"fr_FR\" \/>\n<meta property=\"og:type\" content=\"article\" \/>\n<meta property=\"og:title\" content=\"A propos\" \/>\n<meta property=\"og:description\" content=\"Nous avons comme mission principale d&rsquo;apporter de nouvelles fa\u00e7ons de travailler, de penser (ou de repenser) et de d\u00e9livrer les services pour le public. Nous mettrons en place de mani\u00e8re it\u00e9rative, des solutions centr\u00e9es sur les besoins essentiels de la population. Au fond, ce n\u2019est ni plus ni moins que de cr\u00e9er une start-up au [&hellip;]\" \/>\n<meta property=\"og:url\" content=\"https:\/\/digital.gov.mg\/mg\/a-propos\/\" \/>\n<meta property=\"og:site_name\" content=\"Unit\u00e9 de Gouvernance Digitale\" \/>\n<meta property=\"article:modified_time\" content=\"2021-05-05T12:28:34+00:00\" \/>\n<meta property=\"og:image\" content=\"https:\/\/digital.gov.mg\/wp-content\/uploads\/2021\/05\/prodigy-illustration.jpg\" \/>\n<meta name=\"twitter:card\" content=\"summary_large_image\" \/>\n<meta name=\"twitter:label1\" content=\"Dur\u00e9e de lecture estim\u00e9e\" \/>\n\t<meta name=\"twitter:data1\" content=\"1 minute\" \/>\n<script type=\"application\/ld+json\" class=\"yoast-schema-graph\">{\"@context\":\"https:\\\/\\\/schema.org\",\"@graph\":[{\"@type\":\"WebPage\",\"@id\":\"https:\\\/\\\/digital.gov.mg\\\/a-propos\\\/\",\"url\":\"https:\\\/\\\/digital.gov.mg\\\/a-propos\\\/\",\"name\":\"A propos\",\"isPartOf\":{\"@id\":\"https:\\\/\\\/digital.gov.mg\\\/#website\"},\"primaryImageOfPage\":{\"@id\":\"https:\\\/\\\/digital.gov.mg\\\/a-propos\\\/#primaryimage\"},\"image\":{\"@id\":\"https:\\\/\\\/digital.gov.mg\\\/a-propos\\\/#primaryimage\"},\"thumbnailUrl\":\"https:\\\/\\\/digital.gov.mg\\\/wp-content\\\/uploads\\\/2021\\\/05\\\/prodigy-illustration.jpg\",\"datePublished\":\"2019-12-17T11:58:04+00:00\",\"dateModified\":\"2021-05-05T12:28:34+00:00\",\"breadcrumb\":{\"@id\":\"https:\\\/\\\/digital.gov.mg\\\/a-propos\\\/#breadcrumb\"},\"inLanguage\":\"Madagascar\",\"potentialAction\":[{\"@type\":\"ReadAction\",\"target\":[\"https:\\\/\\\/digital.gov.mg\\\/a-propos\\\/\"]}]},{\"@type\":\"ImageObject\",\"inLanguage\":\"Madagascar\",\"@id\":\"https:\\\/\\\/digital.gov.mg\\\/a-propos\\\/#primaryimage\",\"url\":\"https:\\\/\\\/digital.gov.mg\\\/wp-content\\\/uploads\\\/2021\\\/05\\\/prodigy-illustration.jpg\",\"contentUrl\":\"https:\\\/\\\/digital.gov.mg\\\/wp-content\\\/uploads\\\/2021\\\/05\\\/prodigy-illustration.jpg\"},{\"@type\":\"BreadcrumbList\",\"@id\":\"https:\\\/\\\/digital.gov.mg\\\/a-propos\\\/#breadcrumb\",\"itemListElement\":[{\"@type\":\"ListItem\",\"position\":1,\"name\":\"Accueil\",\"item\":\"https:\\\/\\\/digital.gov.mg\\\/\"},{\"@type\":\"ListItem\",\"position\":2,\"name\":\"A propos\"}]},{\"@type\":\"WebSite\",\"@id\":\"https:\\\/\\\/digital.gov.mg\\\/#website\",\"url\":\"https:\\\/\\\/digital.gov.mg\\\/\",\"name\":\"Unit\u00e9 de Gouvernance Digitale\",\"description\":\"Solutions centr\u00e9es sur les besoins essentiels de la population\",\"potentialAction\":[{\"@type\":\"SearchAction\",\"target\":{\"@type\":\"EntryPoint\",\"urlTemplate\":\"https:\\\/\\\/digital.gov.mg\\\/?s={search_term_string}\"},\"query-input\":{\"@type\":\"PropertyValueSpecification\",\"valueRequired\":true,\"valueName\":\"search_term_string\"}}],\"inLanguage\":\"Madagascar\"}]}<\/script>\n<!-- \/ Yoast SEO plugin. -->","yoast_head_json":{"title":"A propos","robots":{"index":"index","follow":"follow","max-snippet":"max-snippet:-1","max-image-preview":"max-image-preview:large","max-video-preview":"max-video-preview:-1"},"canonical":"https:\/\/digital.gov.mg\/mg\/a-propos\/","og_locale":"fr_FR","og_type":"article","og_title":"[:fr]A propos[:] - Unit\u00e9 de Gouvernance Digitale","og_description":"Nous avons comme mission principale d&rsquo;apporter de nouvelles fa\u00e7ons de travailler, de penser (ou de repenser) et de d\u00e9livrer les services pour le public. Nous mettrons en place de mani\u00e8re it\u00e9rative, des solutions centr\u00e9es sur les besoins essentiels de la population. Au fond, ce n\u2019est ni plus ni moins que de cr\u00e9er une start-up au [&hellip;]","og_url":"https:\/\/digital.gov.mg\/mg\/a-propos\/","og_site_name":"Unit\u00e9 de Gouvernance Digitale","article_modified_time":"2021-05-05T12:28:34+00:00","og_image":[{"url":"https:\/\/digital.gov.mg\/wp-content\/uploads\/2021\/05\/prodigy-illustration.jpg","type":"","width":"","height":""}],"twitter_card":"summary_large_image","twitter_misc":{"Dur\u00e9e de lecture estim\u00e9e":"1 minute"},"schema":{"@context":"https:\/\/schema.org","@graph":[{"@type":"WebPage","@id":"https:\/\/digital.gov.mg\/a-propos\/","url":"https:\/\/digital.gov.mg\/a-propos\/","name":"A propos","isPartOf":{"@id":"https:\/\/digital.gov.mg\/#website"},"primaryImageOfPage":{"@id":"https:\/\/digital.gov.mg\/a-propos\/#primaryimage"},"image":{"@id":"https:\/\/digital.gov.mg\/a-propos\/#primaryimage"},"thumbnailUrl":"https:\/\/digital.gov.mg\/wp-content\/uploads\/2021\/05\/prodigy-illustration.jpg","datePublished":"2019-12-17T11:58:04+00:00","dateModified":"2021-05-05T12:28:34+00:00","breadcrumb":{"@id":"https:\/\/digital.gov.mg\/a-propos\/#breadcrumb"},"inLanguage":"Madagascar","potentialAction":[{"@type":"ReadAction","target":["https:\/\/digital.gov.mg\/a-propos\/"]}]},{"@type":"ImageObject","inLanguage":"Madagascar","@id":"https:\/\/digital.gov.mg\/a-propos\/#primaryimage","url":"https:\/\/digital.gov.mg\/wp-content\/uploads\/2021\/05\/prodigy-illustration.jpg","contentUrl":"https:\/\/digital.gov.mg\/wp-content\/uploads\/2021\/05\/prodigy-illustration.jpg"},{"@type":"BreadcrumbList","@id":"https:\/\/digital.gov.mg\/a-propos\/#breadcrumb","itemListElement":[{"@type":"ListItem","position":1,"name":"Accueil","item":"https:\/\/digital.gov.mg\/"},{"@type":"ListItem","position":2,"name":"A propos"}]},{"@type":"WebSite","@id":"https:\/\/digital.gov.mg\/#website","url":"https:\/\/digital.gov.mg\/","name":"Unit\u00e9 de Gouvernance Digitale","description":"Solutions centr\u00e9es sur les besoins essentiels de la population","potentialAction":[{"@type":"SearchAction","target":{"@type":"EntryPoint","urlTemplate":"https:\/\/digital.gov.mg\/?s={search_term_string}"},"query-input":{"@type":"PropertyValueSpecification","valueRequired":true,"valueName":"search_term_string"}}],"inLanguage":"Madagascar"}]}},"_links":{"self":[{"href":"https:\/\/digital.gov.mg\/mg\/wp-json\/wp\/v2\/pages\/144","targetHints":{"allow":["GET"]}}],"collection":[{"href":"https:\/\/digital.gov.mg\/mg\/wp-json\/wp\/v2\/pages"}],"about":[{"href":"https:\/\/digital.gov.mg\/mg\/wp-json\/wp\/v2\/types\/page"}],"author":[{"embeddable":true,"href":"https:\/\/digital.gov.mg\/mg\/wp-json\/wp\/v2\/users\/1"}],"replies":[{"embeddable":true,"href":"https:\/\/digital.gov.mg\/mg\/wp-json\/wp\/v2\/comments?post=144"}],"version-history":[{"count":28,"href":"https:\/\/digital.gov.mg\/mg\/wp-json\/wp\/v2\/pages\/144\/revisions"}],"predecessor-version":[{"id":1541,"href":"https:\/\/digital.gov.mg\/mg\/wp-json\/wp\/v2\/pages\/144\/revisions\/1541"}],"wp:attachment":[{"href":"https:\/\/digital.gov.mg\/mg\/wp-json\/wp\/v2\/media?parent=144"}],"curies":[{"name":"wp","href":"https:\/\/api.w.org\/{rel}","templated":true}]}}