{"id":4002,"date":"2023-04-11T17:00:27","date_gmt":"2023-04-11T15:00:27","guid":{"rendered":"https:\/\/digital.gov.mg\/?page_id=4002"},"modified":"2023-06-22T13:23:20","modified_gmt":"2023-06-22T11:23:20","slug":"prototypeo","status":"publish","type":"page","link":"https:\/\/digital.gov.mg\/mg\/prototypeo\/","title":{"rendered":"PROTOTYPEO : Concours de prototypage UX\/UI"},"content":{"rendered":"\n<figure class=\"wp-block-image size-full ugd-img-responsive\"><img loading=\"lazy\" decoding=\"async\" width=\"1600\" height=\"900\" src=\"https:\/\/digital.gov.mg\/wp-content\/uploads\/2023\/04\/COVER.png\" alt=\"\" class=\"wp-image-4022\" srcset=\"https:\/\/digital.gov.mg\/wp-content\/uploads\/2023\/04\/COVER.png 1600w, https:\/\/digital.gov.mg\/wp-content\/uploads\/2023\/04\/COVER-300x169.png 300w, https:\/\/digital.gov.mg\/wp-content\/uploads\/2023\/04\/COVER-1024x576.png 1024w, https:\/\/digital.gov.mg\/wp-content\/uploads\/2023\/04\/COVER-768x432.png 768w, https:\/\/digital.gov.mg\/wp-content\/uploads\/2023\/04\/COVER-1536x864.png 1536w\" sizes=\"auto, (max-width: 1600px) 100vw, 1600px\" \/><\/figure>\n\n\n\n<p>La modernisation ainsi que la transformation num\u00e9rique de l\u2019administration publique malgache passe par la remise \u00e0 niveau de comp\u00e9tences des agents de l\u2019Etat, plus pr\u00e9cis\u00e9ment \u00e0 travers l\u2019indicateur <strong>C2.10 Nombre total de personnes incluant les agents publics, personnels IT, personnes des collectivit\u00e9s territoriales et les \u00e9tudiants certifi\u00e9s pour une formation num\u00e9rique conforme \u00e0 la DGU dont 50% de femmes<\/strong>, un programme massif de formations est en cours de mise en \u0153uvre, aussi bien pour l\u2019administration publique, que pour les autres parties prenantes cl\u00e9s dont l\u2019am\u00e9lioration des comp\u00e9tences permettra de contribuer \u00e0 la transformation digitale du secteur public.<br><\/p>\n\n\n\n<p>Dans ce sens, 550 agents de l&rsquo;Etat (tout minist\u00e8re\/institution confondu) ont pu b\u00e9n\u00e9ficier d&rsquo;une formation durant la p\u00e9riode Octobre 2021 \u00e0 Mars 2022 et ont pu obtenir un certificat \u00ab\u00a0de fin de formation\u00a0\u00bb d\u00e9livr\u00e9 par l&rsquo;UGD en partenariat avec les formateurs internationaux, dont un peu moins de 350 en \u201cBesoin utilisateur et prototypage (UX\/UI)\u201d.<br><\/p>\n\n\n\n<p>L\u2019UGD organise ainsi un concours de prototypage UX\/UI : \u201cPROTOTYPEO\u201d, du 4 mai au 16 juin 2023, dans le cadre de la promotion des formations r\u00e9alis\u00e9es. Ce concours s&rsquo;adresse principalement aux agents ayant b\u00e9n\u00e9fici\u00e9s de la formation \u201cBesoin utilisateur et prototypage (UX\/UI\u201d) octroy\u00e9e par l\u2019UGD et ayant obtenu leur certification; n\u00e9anmoins des personnes du secteur priv\u00e9 pourront \u00eatre sollicit\u00e9es afin d\u2019\u00e9toffer chaque \u00e9quipe.&nbsp; L\u2019enjeu est d\u2019\u00e9laborer un prototype de service public \u00e0 destination du citoyen en utilisant les outils pr\u00e9sent\u00e9s lors de la formation (ex: FIGMA, MAZE), avec un th\u00e8me en rapport ou diff\u00e9rent du secteur d\u2019activit\u00e9s de l\u2019entit\u00e9 du candidat dont le contexte sera \u00e0 pr\u00e9ciser lors de la candidature.&nbsp;<br><\/p>\n\n\n\n<p>Cet \u00e9v\u00e9nement est le fruit du partenariat de l\u2019Unit\u00e9 de Gouvernance Digital, le PRODIGY, La Banque Mondiale et Le Wagon. De nombreux lots seront offerts, dont une formation technique en pr\u00e9sentiel \u00e0 Paris dans les locaux de Le Wagon pour chacun des membres de l\u2019\u00e9quipe gagnante ; chacun pourra choisir la formation qui lui convient dans un panier de formation propos\u00e9 par Le Wagon.<br><\/p>\n\n\n\n<p>Les modalit\u00e9s de participation au concours et de d\u00e9signation des gagnants sont d\u00e9crites dans le pr\u00e9sent r\u00e8glement t\u00e9l\u00e9chargacable ici <\/p>\n\n\n\n<div class=\"wp-block-button\"><a class=\"wp-block-button__link has-text-color has-very-dark-gray-color has-background has-luminous-vivid-amber-background-color\" href=\"https:\/\/digital.gov.mg\/14062023-reglement-prototypeo\/\" style=\"border-radius:11px\" target=\"_blank\" rel=\"noreferrer noopener\"><strong>T\u00e9l\u00e9charger le r\u00e8glement<\/strong><\/a><\/div>\n","protected":false},"excerpt":{"rendered":"<p>La modernisation ainsi que la transformation num\u00e9rique de l\u2019administration publique malgache passe par la remise \u00e0 niveau de comp\u00e9tences des agents de l\u2019Etat, plus pr\u00e9cis\u00e9ment \u00e0 travers l\u2019indicateur C2.10 Nombre total de personnes incluant les agents publics, personnels IT, personnes des collectivit\u00e9s territoriales et les \u00e9tudiants certifi\u00e9s pour une formation num\u00e9rique conforme \u00e0 la DGU [&hellip;]<\/p>\n","protected":false},"author":1,"featured_media":0,"parent":0,"menu_order":0,"comment_status":"closed","ping_status":"closed","template":"","meta":{"_acf_changed":false,"footnotes":""},"class_list":["post-4002","page","type-page","status-publish","hentry"],"acf":[],"yoast_head":"<!-- This site is optimized with the Yoast SEO plugin v27.3 - https:\/\/yoast.com\/product\/yoast-seo-wordpress\/ -->\n<title>PROTOTYPEO : Concours de prototypage UX\/UI<\/title>\n<meta name=\"robots\" content=\"index, follow, max-snippet:-1, max-image-preview:large, max-video-preview:-1\" \/>\n<link rel=\"canonical\" href=\"https:\/\/digital.gov.mg\/mg\/prototypeo\/\" \/>\n<meta property=\"og:locale\" content=\"fr_FR\" \/>\n<meta property=\"og:locale:alternate\" content=\"en_US\" \/>\n<meta property=\"og:locale:alternate\" content=\"fr_FR\" \/>\n<meta property=\"og:type\" content=\"article\" \/>\n<meta property=\"og:title\" content=\"PROTOTYPEO : Concours de prototypage UX\/UI\" \/>\n<meta property=\"og:description\" content=\"La modernisation ainsi que la transformation num\u00e9rique de l\u2019administration publique malgache passe par la remise \u00e0 niveau de comp\u00e9tences des agents de l\u2019Etat, plus pr\u00e9cis\u00e9ment \u00e0 travers l\u2019indicateur C2.10 Nombre total de personnes incluant les agents publics, personnels IT, personnes des collectivit\u00e9s territoriales et les \u00e9tudiants certifi\u00e9s pour une formation num\u00e9rique conforme \u00e0 la DGU [&hellip;]\" \/>\n<meta property=\"og:url\" content=\"https:\/\/digital.gov.mg\/mg\/prototypeo\/\" \/>\n<meta property=\"og:site_name\" content=\"Unit\u00e9 de Gouvernance Digitale\" \/>\n<meta property=\"article:modified_time\" content=\"2023-06-22T11:23:20+00:00\" \/>\n<meta property=\"og:image\" content=\"https:\/\/digital.gov.mg\/wp-content\/uploads\/2023\/04\/COVER.png\" \/>\n<meta name=\"twitter:card\" content=\"summary_large_image\" \/>\n<meta name=\"twitter:label1\" content=\"Dur\u00e9e de lecture estim\u00e9e\" \/>\n\t<meta name=\"twitter:data1\" content=\"2 minutes\" \/>\n<script type=\"application\/ld+json\" class=\"yoast-schema-graph\">{\"@context\":\"https:\\\/\\\/schema.org\",\"@graph\":[{\"@type\":\"WebPage\",\"@id\":\"https:\\\/\\\/digital.gov.mg\\\/prototypeo\\\/\",\"url\":\"https:\\\/\\\/digital.gov.mg\\\/prototypeo\\\/\",\"name\":\"PROTOTYPEO : Concours de prototypage UX\\\/UI\",\"isPartOf\":{\"@id\":\"https:\\\/\\\/digital.gov.mg\\\/#website\"},\"primaryImageOfPage\":{\"@id\":\"https:\\\/\\\/digital.gov.mg\\\/prototypeo\\\/#primaryimage\"},\"image\":{\"@id\":\"https:\\\/\\\/digital.gov.mg\\\/prototypeo\\\/#primaryimage\"},\"thumbnailUrl\":\"https:\\\/\\\/digital.gov.mg\\\/wp-content\\\/uploads\\\/2023\\\/04\\\/COVER.png\",\"datePublished\":\"2023-04-11T15:00:27+00:00\",\"dateModified\":\"2023-06-22T11:23:20+00:00\",\"breadcrumb\":{\"@id\":\"https:\\\/\\\/digital.gov.mg\\\/prototypeo\\\/#breadcrumb\"},\"inLanguage\":\"Madagascar\",\"potentialAction\":[{\"@type\":\"ReadAction\",\"target\":[\"https:\\\/\\\/digital.gov.mg\\\/prototypeo\\\/\"]}]},{\"@type\":\"ImageObject\",\"inLanguage\":\"Madagascar\",\"@id\":\"https:\\\/\\\/digital.gov.mg\\\/prototypeo\\\/#primaryimage\",\"url\":\"https:\\\/\\\/digital.gov.mg\\\/wp-content\\\/uploads\\\/2023\\\/04\\\/COVER.png\",\"contentUrl\":\"https:\\\/\\\/digital.gov.mg\\\/wp-content\\\/uploads\\\/2023\\\/04\\\/COVER.png\"},{\"@type\":\"BreadcrumbList\",\"@id\":\"https:\\\/\\\/digital.gov.mg\\\/prototypeo\\\/#breadcrumb\",\"itemListElement\":[{\"@type\":\"ListItem\",\"position\":1,\"name\":\"Accueil\",\"item\":\"https:\\\/\\\/digital.gov.mg\\\/\"},{\"@type\":\"ListItem\",\"position\":2,\"name\":\"PROTOTYPEO : Concours de prototypage UX\\\/UI\"}]},{\"@type\":\"WebSite\",\"@id\":\"https:\\\/\\\/digital.gov.mg\\\/#website\",\"url\":\"https:\\\/\\\/digital.gov.mg\\\/\",\"name\":\"Unit\u00e9 de Gouvernance Digitale\",\"description\":\"Solutions centr\u00e9es sur les besoins essentiels de la population\",\"potentialAction\":[{\"@type\":\"SearchAction\",\"target\":{\"@type\":\"EntryPoint\",\"urlTemplate\":\"https:\\\/\\\/digital.gov.mg\\\/?s={search_term_string}\"},\"query-input\":{\"@type\":\"PropertyValueSpecification\",\"valueRequired\":true,\"valueName\":\"search_term_string\"}}],\"inLanguage\":\"Madagascar\"}]}<\/script>\n<!-- \/ Yoast SEO plugin. -->","yoast_head_json":{"title":"PROTOTYPEO : Concours de prototypage UX\/UI","robots":{"index":"index","follow":"follow","max-snippet":"max-snippet:-1","max-image-preview":"max-image-preview:large","max-video-preview":"max-video-preview:-1"},"canonical":"https:\/\/digital.gov.mg\/mg\/prototypeo\/","og_locale":"fr_FR","og_type":"article","og_title":"[:fr]PROTOTYPEO : Concours de prototypage UX\/UI[:] - Unit\u00e9 de Gouvernance Digitale","og_description":"La modernisation ainsi que la transformation num\u00e9rique de l\u2019administration publique malgache passe par la remise \u00e0 niveau de comp\u00e9tences des agents de l\u2019Etat, plus pr\u00e9cis\u00e9ment \u00e0 travers l\u2019indicateur C2.10 Nombre total de personnes incluant les agents publics, personnels IT, personnes des collectivit\u00e9s territoriales et les \u00e9tudiants certifi\u00e9s pour une formation num\u00e9rique conforme \u00e0 la DGU [&hellip;]","og_url":"https:\/\/digital.gov.mg\/mg\/prototypeo\/","og_site_name":"Unit\u00e9 de Gouvernance Digitale","article_modified_time":"2023-06-22T11:23:20+00:00","og_image":[{"url":"https:\/\/digital.gov.mg\/wp-content\/uploads\/2023\/04\/COVER.png","type":"","width":"","height":""}],"twitter_card":"summary_large_image","twitter_misc":{"Dur\u00e9e de lecture estim\u00e9e":"2 minutes"},"schema":{"@context":"https:\/\/schema.org","@graph":[{"@type":"WebPage","@id":"https:\/\/digital.gov.mg\/prototypeo\/","url":"https:\/\/digital.gov.mg\/prototypeo\/","name":"PROTOTYPEO : Concours de prototypage UX\/UI","isPartOf":{"@id":"https:\/\/digital.gov.mg\/#website"},"primaryImageOfPage":{"@id":"https:\/\/digital.gov.mg\/prototypeo\/#primaryimage"},"image":{"@id":"https:\/\/digital.gov.mg\/prototypeo\/#primaryimage"},"thumbnailUrl":"https:\/\/digital.gov.mg\/wp-content\/uploads\/2023\/04\/COVER.png","datePublished":"2023-04-11T15:00:27+00:00","dateModified":"2023-06-22T11:23:20+00:00","breadcrumb":{"@id":"https:\/\/digital.gov.mg\/prototypeo\/#breadcrumb"},"inLanguage":"Madagascar","potentialAction":[{"@type":"ReadAction","target":["https:\/\/digital.gov.mg\/prototypeo\/"]}]},{"@type":"ImageObject","inLanguage":"Madagascar","@id":"https:\/\/digital.gov.mg\/prototypeo\/#primaryimage","url":"https:\/\/digital.gov.mg\/wp-content\/uploads\/2023\/04\/COVER.png","contentUrl":"https:\/\/digital.gov.mg\/wp-content\/uploads\/2023\/04\/COVER.png"},{"@type":"BreadcrumbList","@id":"https:\/\/digital.gov.mg\/prototypeo\/#breadcrumb","itemListElement":[{"@type":"ListItem","position":1,"name":"Accueil","item":"https:\/\/digital.gov.mg\/"},{"@type":"ListItem","position":2,"name":"PROTOTYPEO : Concours de prototypage UX\/UI"}]},{"@type":"WebSite","@id":"https:\/\/digital.gov.mg\/#website","url":"https:\/\/digital.gov.mg\/","name":"Unit\u00e9 de Gouvernance Digitale","description":"Solutions centr\u00e9es sur les besoins essentiels de la population","potentialAction":[{"@type":"SearchAction","target":{"@type":"EntryPoint","urlTemplate":"https:\/\/digital.gov.mg\/?s={search_term_string}"},"query-input":{"@type":"PropertyValueSpecification","valueRequired":true,"valueName":"search_term_string"}}],"inLanguage":"Madagascar"}]}},"_links":{"self":[{"href":"https:\/\/digital.gov.mg\/mg\/wp-json\/wp\/v2\/pages\/4002","targetHints":{"allow":["GET"]}}],"collection":[{"href":"https:\/\/digital.gov.mg\/mg\/wp-json\/wp\/v2\/pages"}],"about":[{"href":"https:\/\/digital.gov.mg\/mg\/wp-json\/wp\/v2\/types\/page"}],"author":[{"embeddable":true,"href":"https:\/\/digital.gov.mg\/mg\/wp-json\/wp\/v2\/users\/1"}],"replies":[{"embeddable":true,"href":"https:\/\/digital.gov.mg\/mg\/wp-json\/wp\/v2\/comments?post=4002"}],"version-history":[{"count":29,"href":"https:\/\/digital.gov.mg\/mg\/wp-json\/wp\/v2\/pages\/4002\/revisions"}],"predecessor-version":[{"id":4258,"href":"https:\/\/digital.gov.mg\/mg\/wp-json\/wp\/v2\/pages\/4002\/revisions\/4258"}],"wp:attachment":[{"href":"https:\/\/digital.gov.mg\/mg\/wp-json\/wp\/v2\/media?parent=4002"}],"curies":[{"name":"wp","href":"https:\/\/api.w.org\/{rel}","templated":true}]}}